{"id":450,"date":"2018-05-29T10:20:44","date_gmt":"2018-05-29T09:20:44","guid":{"rendered":"http:\/\/hosting1979.af915.netcup.net\/ini\/?page_id=450"},"modified":"2018-08-08T12:24:46","modified_gmt":"2018-08-08T11:24:46","slug":"buecher-madjid-samii","status":"publish","type":"page","link":"https:\/\/www.ini-hannover.de\/en\/buecher-madjid-samii\/","title":{"rendered":"Books Madjid Samii"},"content":{"rendered":"<h2><strong>Book Contributions &#8211; Prof. Madjid Samii, MD<br \/>\n<\/strong><\/h2>\n<p><span style=\"color: #67b7e1;\"><strong>1. M. Samii<\/strong><\/span><br \/>\nPneumoenzephalo-Tomographie<br \/>\nFerdinand Enke-Verlag Stuttgart 1974<\/p>\n<p><span style=\"color: #67b7e1;\"><strong>2. M. Samii<\/strong><\/span><br \/>\nAspects Modernes de la Chirurgie des Nerfs P\u00e9riph\u00e9riques<br \/>\nEditions M\u00e9dicales Pierre Fabre 1977<\/p>\n<p><span style=\"color: #67b7e1;\"><strong>3. Eds. M. Samii and P.J. Jannetta<\/strong><\/span><br \/>\nThe Cranial Nerves<br \/>\nSpringer Verlag 1981<\/p>\n<p><span style=\"color: #67b7e1;\"><strong>4. Eds. M. Samii and J. Brihaye<\/strong><\/span><br \/>\nTraumatology of the Skull Base<br \/>\nSpringer Verlag 1983<\/p>\n<p><span style=\"color: #67b7e1;\"><strong>5. Ed. M. Samii<\/strong><\/span><br \/>\nSurgery in and around the Brain Stem and the Third Ventricle<br \/>\nSpringer Verlag 1986<\/p>\n<p><span style=\"color: #67b7e1;\"><strong>6. M. Samii and W. Draf<\/strong><\/span><br \/>\nSkull Base Surgery<br \/>\nSpringer Verlag 1989<\/p>\n<p><span style=\"color: #67b7e1;\"><strong>7. Ed. M. Samii<\/strong><\/span><br \/>\nPeripheral Nerve Lesions<br \/>\nCongress Publication &#8211; Springer Verlag 1990<\/p>\n<p><span style=\"color: #67b7e1;\"><strong>8. Ed. M. Samii<\/strong><\/span><br \/>\nSurgery of the Sellar Region and Paranasal Sinuses<br \/>\nSpringer Verlag 1991<\/p>\n<p><span style=\"color: #67b7e1;\"><strong>9. M. Samii and M. Ammirati<\/strong><\/span><br \/>\nSurgery of Skull Base Meningiomas<br \/>\nSpringer Verlag 1992<\/p>\n<p><span style=\"color: #67b7e1;\"><strong>10. M. Samii and E. Knosp<\/strong><\/span><br \/>\nSurgery of the Clivus<\/p>\n<p><span style=\"color: #67b7e1;\"><strong>11. M. Samii and H. Rudolph<\/strong><\/span><br \/>\nModerne Verfahren der Rekonstruktion von Knochenstrukturen, Gef\u00e4\u00df- und Nervennaht sowie -Transplantation in der Plastischen und Wiederherstellungschirurgie<br \/>\nKongre\u00dfband anl\u00e4\u00dflich der 27. Jahrestagung der Deutschen Gesellschaft f\u00fcr Plastische und Wiederherstellungschirurgie, Oktober 1989, Hannover<br \/>\nVerlag Karl Sasse KG 1992<\/p>\n<p><span style=\"color: #67b7e1;\"><strong>12. Ed. M. Samii<\/strong><\/span><br \/>\nSkull Base Surgery<br \/>\nProceedings of the 1st International Skull Base Congress<br \/>\nJune 14 &#8211; 20, 1992 Hannover<br \/>\nKarger, October 1994<\/p>\n<p><span style=\"color: #67b7e1;\"><strong>13. Eds. M. Samii, M.L. Cheatham, D.P. Becker<\/strong><\/span><br \/>\nAtlas of Cranial Base Surgery<br \/>\nW.B. Saunders, October 1994<\/p>\n<p><span style=\"color: #67b7e1;\"><strong>14. Eds. A. Ernst, R. Marchbanks, M. Samii<\/strong><\/span><br \/>\nIntracranial and Intralabyrinthine Fluids<br \/>\nBasic Aspects and Clinical Applications<br \/>\nSpringer, Juni 1996<\/p>\n<p><span style=\"color: #67b7e1;\"><strong>15. J. Klekamp, M. Samii<\/strong><\/span><br \/>\nSyringomyelia &#8211; Diagnosis and Treatment<br \/>\nSpringer, 2001","protected":false},"excerpt":{"rendered":"<p>Book Contributions &#8211; Prof. Madjid Samii, MD 1. M. Samii Pneumoenzephalo-Tomographie Ferdinand Enke-Verlag Stuttgart 1974 2. M. Samii Aspects Modernes de la Chirurgie des Nerfs P\u00e9riph\u00e9riques Editions M\u00e9dicales Pierre Fabre 1977 3. Eds. M. Samii and P.J. Jannetta The Cranial Nerves Springer Verlag 1981 4. Eds. M. Samii and J. Brihaye Traumatology of the Skull [&hellip;]<\/p>\n","protected":false},"author":1,"featured_media":0,"parent":0,"menu_order":0,"comment_status":"closed","ping_status":"closed","template":"","meta":[],"yoast_head":"<!-- This site is optimized with the Yoast SEO plugin v20.1 - https:\/\/yoast.com\/wordpress\/plugins\/seo\/ -->\n<title>Books Madjid Samii - International Neuroscience Institute\u00ae<\/title>\n<meta name=\"robots\" content=\"index, follow, max-snippet:-1, max-image-preview:large, max-video-preview:-1\" \/>\n<link rel=\"canonical\" href=\"https:\/\/www.ini-hannover.de\/en\/buecher-madjid-samii\/\" \/>\n<meta property=\"og:locale\" content=\"en_US\" \/>\n<meta property=\"og:type\" content=\"article\" \/>\n<meta property=\"og:title\" content=\"Books Madjid Samii - International Neuroscience Institute\u00ae\" \/>\n<meta property=\"og:description\" content=\"Book Contributions &#8211; Prof. Madjid Samii, MD 1. M. Samii Pneumoenzephalo-Tomographie Ferdinand Enke-Verlag Stuttgart 1974 2. M. Samii Aspects Modernes de la Chirurgie des Nerfs P\u00e9riph\u00e9riques Editions M\u00e9dicales Pierre Fabre 1977 3. Eds. M. Samii and P.J. Jannetta The Cranial Nerves Springer Verlag 1981 4. Eds. M. Samii and J. Brihaye Traumatology of the Skull [&hellip;]\" \/>\n<meta property=\"og:url\" content=\"https:\/\/www.ini-hannover.de\/en\/buecher-madjid-samii\/\" \/>\n<meta property=\"og:site_name\" content=\"International Neuroscience Institute\u00ae\" \/>\n<meta property=\"article:modified_time\" content=\"2018-08-08T11:24:46+00:00\" \/>\n<meta name=\"twitter:label1\" content=\"Est. reading time\" \/>\n\t<meta name=\"twitter:data1\" content=\"2 minutes\" \/>\n<script type=\"application\/ld+json\" class=\"yoast-schema-graph\">{\"@context\":\"https:\/\/schema.org\",\"@graph\":[{\"@type\":\"WebPage\",\"@id\":\"https:\/\/www.ini-hannover.de\/en\/buecher-madjid-samii\/\",\"url\":\"https:\/\/www.ini-hannover.de\/en\/buecher-madjid-samii\/\",\"name\":\"Books Madjid Samii - International Neuroscience Institute\u00ae\",\"isPartOf\":{\"@id\":\"https:\/\/www.ini-hannover.de\/en\/#website\"},\"datePublished\":\"2018-05-29T09:20:44+00:00\",\"dateModified\":\"2018-08-08T11:24:46+00:00\",\"inLanguage\":\"en-US\",\"potentialAction\":[{\"@type\":\"ReadAction\",\"target\":[[\"https:\/\/www.ini-hannover.de\/en\/buecher-madjid-samii\/\"]]}]},{\"@type\":\"WebSite\",\"@id\":\"https:\/\/www.ini-hannover.de\/en\/#website\",\"url\":\"https:\/\/www.ini-hannover.de\/en\/\",\"name\":\"International Neuroscience Institute\u00ae\",\"description\":\"\",\"potentialAction\":[{\"@type\":\"SearchAction\",\"target\":{\"@type\":\"EntryPoint\",\"urlTemplate\":\"https:\/\/www.ini-hannover.de\/en\/?s={search_term_string}\"},\"query-input\":\"required name=search_term_string\"}],\"inLanguage\":\"en-US\"}]}<\/script>\n<!-- \/ Yoast SEO plugin. -->","yoast_head_json":{"title":"Books Madjid Samii - International Neuroscience Institute\u00ae","robots":{"index":"index","follow":"follow","max-snippet":"max-snippet:-1","max-image-preview":"max-image-preview:large","max-video-preview":"max-video-preview:-1"},"canonical":"https:\/\/www.ini-hannover.de\/en\/buecher-madjid-samii\/","og_locale":"en_US","og_type":"article","og_title":"Books Madjid Samii - International Neuroscience Institute\u00ae","og_description":"Book Contributions &#8211; Prof. Madjid Samii, MD 1. M. Samii Pneumoenzephalo-Tomographie Ferdinand Enke-Verlag Stuttgart 1974 2. M. Samii Aspects Modernes de la Chirurgie des Nerfs P\u00e9riph\u00e9riques Editions M\u00e9dicales Pierre Fabre 1977 3. Eds. M. Samii and P.J. Jannetta The Cranial Nerves Springer Verlag 1981 4. Eds. M. Samii and J. Brihaye Traumatology of the Skull [&hellip;]","og_url":"https:\/\/www.ini-hannover.de\/en\/buecher-madjid-samii\/","og_site_name":"International Neuroscience Institute\u00ae","article_modified_time":"2018-08-08T11:24:46+00:00","twitter_misc":{"Est. reading time":"2 minutes"},"schema":{"@context":"https:\/\/schema.org","@graph":[{"@type":"WebPage","@id":"https:\/\/www.ini-hannover.de\/en\/buecher-madjid-samii\/","url":"https:\/\/www.ini-hannover.de\/en\/buecher-madjid-samii\/","name":"Books Madjid Samii - International Neuroscience Institute\u00ae","isPartOf":{"@id":"https:\/\/www.ini-hannover.de\/en\/#website"},"datePublished":"2018-05-29T09:20:44+00:00","dateModified":"2018-08-08T11:24:46+00:00","inLanguage":"en-US","potentialAction":[{"@type":"ReadAction","target":[["https:\/\/www.ini-hannover.de\/en\/buecher-madjid-samii\/"]]}]},{"@type":"WebSite","@id":"https:\/\/www.ini-hannover.de\/en\/#website","url":"https:\/\/www.ini-hannover.de\/en\/","name":"International Neuroscience Institute\u00ae","description":"","potentialAction":[{"@type":"SearchAction","target":{"@type":"EntryPoint","urlTemplate":"https:\/\/www.ini-hannover.de\/en\/?s={search_term_string}"},"query-input":"required name=search_term_string"}],"inLanguage":"en-US"}]}},"_links":{"self":[{"href":"https:\/\/www.ini-hannover.de\/en\/wp-json\/wp\/v2\/pages\/450"}],"collection":[{"href":"https:\/\/www.ini-hannover.de\/en\/wp-json\/wp\/v2\/pages"}],"about":[{"href":"https:\/\/www.ini-hannover.de\/en\/wp-json\/wp\/v2\/types\/page"}],"author":[{"embeddable":true,"href":"https:\/\/www.ini-hannover.de\/en\/wp-json\/wp\/v2\/users\/1"}],"replies":[{"embeddable":true,"href":"https:\/\/www.ini-hannover.de\/en\/wp-json\/wp\/v2\/comments?post=450"}],"version-history":[{"count":7,"href":"https:\/\/www.ini-hannover.de\/en\/wp-json\/wp\/v2\/pages\/450\/revisions"}],"predecessor-version":[{"id":1335,"href":"https:\/\/www.ini-hannover.de\/en\/wp-json\/wp\/v2\/pages\/450\/revisions\/1335"}],"wp:attachment":[{"href":"https:\/\/www.ini-hannover.de\/en\/wp-json\/wp\/v2\/media?parent=450"}],"curies":[{"name":"wp","href":"https:\/\/api.w.org\/{rel}","templated":true}]}}