{"id":1125,"date":"2018-07-09T15:06:56","date_gmt":"2018-07-09T14:06:56","guid":{"rendered":"http:\/\/hosting1979.af915.netcup.net\/ini\/?page_id=1125"},"modified":"2021-03-19T15:07:22","modified_gmt":"2021-03-19T14:07:22","slug":"christianto-b-lumenta","status":"publish","type":"page","link":"https:\/\/www.ini-hannover.de\/en\/christianto-b-lumenta\/","title":{"rendered":"Christianto B. Lumenta"},"content":{"rendered":"<div class=\"fusion-fullwidth fullwidth-box fusion-builder-row-1 hundred-percent-fullwidth non-hundred-percent-height-scrolling\" style=\"background-color: rgba(255,255,255,0);background-position: center center;background-repeat: no-repeat;padding-top:0px;padding-right:0px;padding-bottom:0px;padding-left:0px;margin-bottom: 0px;margin-top: 0px;border-width: 0px 0px 0px 0px;border-color:#eae9e9;border-style:solid;\" ><div class=\"fusion-builder-row fusion-row\"><div class=\"fusion-layout-column fusion_builder_column fusion-builder-column-0 fusion_builder_column_1_1 1_1 fusion-one-full fusion-column-first fusion-column-last fusion-column-no-min-height\" style=\"margin-top:0px;margin-bottom:0px;\"><div class=\"fusion-column-wrapper fusion-flex-column-wrapper-legacy\" style=\"background-position:left top;background-repeat:no-repeat;-webkit-background-size:cover;-moz-background-size:cover;-o-background-size:cover;background-size:cover;padding: 0px 0px 0px 0px;\"><div class=\"fusion-layout-column fusion_builder_column_inner fusion-builder-nested-column-2 fusion_builder_column_inner_1_3 1_3 fusion-one-third fusion-column-last\" style=\"width:30.6666%;margin-top:0px;margin-bottom:20px;\"><div class=\"fusion-column-wrapper fusion-flex-column-wrapper-legacy\" style=\"background-position:left top;background-repeat:no-repeat;-webkit-background-size:cover;-moz-background-size:cover;-o-background-size:cover;background-size:cover;background-color:#ffffff;padding: 0px 0px 0px 0px;\"><div class=\"fusion-clearfix\"><\/div><\/div><\/div><div class=\"fusion-clearfix\"><\/div><\/div><\/div><div class=\"fusion-layout-column fusion_builder_column fusion-builder-column-3 fusion_builder_column_1_1 1_1 fusion-one-full fusion-column-first fusion-column-last fusion-column-no-min-height\" style=\"margin-top:0px;margin-bottom:0px;\"><div class=\"fusion-column-wrapper fusion-flex-column-wrapper-legacy\" style=\"background-position:left top;background-repeat:no-repeat;-webkit-background-size:cover;-moz-background-size:cover;-o-background-size:cover;background-size:cover;padding: 0px 0px 0px 0px;\"><div class=\"fusion-tabs fusion-tabs-2 classic vertical-tabs icon-position-left mobile-mode-accordion\"><style type=\"text\/css\">.fusion-tabs.fusion-tabs-2 .nav-tabs li a.tab-link{border-top-color:#efefef;background-color:#efefef;}.fusion-tabs.fusion-tabs-2 .nav-tabs{background-color:#ffffff;}.fusion-tabs.fusion-tabs-2 .nav-tabs li.active a.tab-link,.fusion-tabs.fusion-tabs-2 .nav-tabs li.active a.tab-link:hover,.fusion-tabs.fusion-tabs-2 .nav-tabs li.active a.tab-link:focus{border-right-color:#ffffff;}.fusion-tabs.fusion-tabs-2.classic .nav-tabs > li.active .tab-link, .fusion-tabs.fusion-tabs-2.classic .nav-tabs > li.active .tab-link:hover { border-color: #67b7e1;}.fusion-tabs.fusion-tabs-2 .nav-tabs li.active a.tab-link,.fusion-tabs.fusion-tabs-2 .nav-tabs li.active a.tab-link:hover,.fusion-tabs.fusion-tabs-2 .nav-tabs li.active a.tab-link:focus{background-color:#ffffff;}.fusion-tabs.fusion-tabs-2 .nav-tabs li a:hover{background-color:#ffffff;border-top-color:#ffffff;}.fusion-tabs.fusion-tabs-2 .tab-pane{background-color:#ffffff;}.fusion-tabs.fusion-tabs-2 .nav,.fusion-tabs.fusion-tabs-2 .nav-tabs,.fusion-tabs.fusion-tabs-2 .tab-content .tab-pane{border-color:#ebeaea;}<\/style><div class=\"nav\"><ul class=\"nav-tabs\" role=\"tablist\"><li class=\"active\" role=\"presentation\"><a class=\"tab-link\" data-toggle=\"tab\" role=\"tab\" aria-controls=\"tab-4316e4251ea4d5f4051\" aria-selected=\"true\" id=\"fusion-tab-neurosurgery\" href=\"#tab-4316e4251ea4d5f4051\"><h4 class=\"fusion-tab-heading\">Neurosurgery<\/h4><\/a><\/li><\/ul><\/div><div class=\"tab-content\"><div class=\"nav fusion-mobile-tab-nav\"><ul class=\"nav-tabs\" role=\"tablist\"><li class=\"active\" role=\"presentation\"><a class=\"tab-link\" data-toggle=\"tab\" role=\"tab\" aria-controls=\"tab-4316e4251ea4d5f4051\" aria-selected=\"true\" id=\"mobile-fusion-tab-neurosurgery\" href=\"#tab-4316e4251ea4d5f4051\"><h4 class=\"fusion-tab-heading\">Neurosurgery<\/h4><\/a><\/li><\/ul><\/div><div class=\"tab-pane fade fusion-clearfix in active\" role=\"tabpanel\" tabindex=\"0\" aria-labelledby=\"fusion-tab-neurosurgery\" id=\"tab-4316e4251ea4d5f4051\"><div class=\"fusion-layout-column fusion_builder_column_inner fusion-builder-nested-column-3 fusion_builder_column_inner_1_3 1_3 fusion-one-third fusion-column-first\" style=\"width:30.6666%; margin-right: 4%;margin-top:0px;margin-bottom:20px;\"><div class=\"fusion-column-wrapper fusion-flex-column-wrapper-legacy\" style=\"background-position:left top;background-repeat:no-repeat;-webkit-background-size:cover;-moz-background-size:cover;-o-background-size:cover;background-size:cover;background-color:#ffffff;padding: 0px 0px 0px 0px;\"><div class=\"fusion-clearfix\"><\/div><\/div><\/div>\n<style type=\"text\/css\"><\/style><div class=\"fusion-title title fusion-title-2 fusion-title-text fusion-title-size-three\" style=\"margin-top:0px;margin-right:0px;margin-bottom:31px;margin-left:0px;\"><h3 class=\"title-heading-left fusion-responsive-typography-calculated\" style=\"margin:0;--fontSize:16;--minFontSize:16px;line-height:1.5;\"><strong>Clinic for Neurosurgery<\/strong><\/h3><span class=\"awb-title-spacer\"><\/span><div class=\"title-sep-container\"><div class=\"title-sep sep-single sep-solid\" style=\"border-color:#e0dede;\"><\/div><\/div><\/div>\n<div class=\"su-row\"> <div class=\"su-column su-column-size-2-3\"><div class=\"su-column-inner su-u-clearfix su-u-trim\">\n<p>Prof. Dr. Lumenta has been a Consultant Neurosurgeon at the INI &#8211; International Neuroscience Institute\u00ae in Hanover since \u00a0June 2018. He completed his medical studies in 1976 at the University of Bonn, Germany, with the state examination and holds a medical doctorate of the same University. Prof. Dr. Lumenta continued his residency programme as a specialist in Neurosurgery via the wards in Duisburg and D\u00fcsseldorf, as well as in the Department of Neurology at the Max Planck Institute for Brain Research in K\u00f6ln-Merheim, Germany. Prof. Dr. Lumenta received the board certification in 1983 by the \u00c4rztekammer Nordrhein. He was habilitated in 1985 at the Heinrich-Heine-University in D\u00fcsseldorf, Germany, appointed as temporary C2-Professor for neurosurgery in 1986 and as Associate Professor in 1992. In 1986 Prof. Dr. Lumenta received a pediatric neurosurgery fellowship at the Children&#8217;s Hospital and Brigham&#8217;s Women Hospital, Harvard Medical School, Boston, USA.<\/p>\n<p>In September 1992 Prof. Dr. Lumenta was appointed as Chairman and Professor of the Department of Neurosurgery at the Bogenhausen Hospital of the City of Munich (academic teaching hospital of the Technical University of Munich). In 1994 he was appointed \u00a0Extraordinarius \/ Full- Professor. Since December 2011 Prof. Dr. Lumenta chaired the Department of Neurosurgery of St\u00e4dtisches Klinikum M\u00fcnchen and since April 2016 all Neurosurgery Departments of the same hospital. From 2000 to 2005, Prof. Dr. Lumenta was Deputy Medical Director of St\u00e4dtisches Klinikum M\u00fcnchen. He also acted as spokesman of the Centre of Surgery for many years. Prof. Dr. Lumenta retired from his functions at St\u00e4dtisches Klinikum M\u00fcnchen in May 2018.<\/p>\n<p>Prof. Dr. Lumenta is significantly involved in the national as well as international development of modern neurosurgery, especially in intraoperative neurophysiological monitoring, in clip technology in aneurysm surgery and in various dynamic and rigid fusion procedures in spine surgery. His focus is therefore on oncological and vascular neurosurgery as well as on complex spine surgery. Due to his recognized scientific work, Prof. Dr. med. Lumenta is often invited as speaker at numerous international scientific symposiums. He also conducted \u00a0numerous international training courses of the World Federation of Neurological Surgeons (WFNS) mainly in the section skull base surgery. In total, he has given more than 350 lectures worldwide. Prof. Dr. Lumenta has published 99 original works and 35 book contributions, as well as five published books. His H-index is 22 (Google Scholar) with 1389 citations.<\/p>\n<p>Prof. Dr. Lumenta is a member of 12 scientific societies, among others: German Society for Neurosurgery, German Academy of Neurosurgery (formerly Treasurer later President), American Association of Neurological Surgeons, Congress of Neurological Surgeons, Academia Eurosiana Neurochirurgica (board member).<\/p>\n<p style=\"text-align: center;\">Prof. Dr. Lumenta is also active as Consultant Neurosurgeon at the Isarklinikum in Munich.<\/p>\n<p>&nbsp;<\/p>\n<\/div><\/div> <div class=\"su-column su-column-size-1-3\"><div class=\"su-column-inner su-u-clearfix su-u-trim\">\n<p><img decoding=\"async\" class=\"aligncenter wp-image-1127 size-medium\" src=\"https:\/\/ini-hannover.de\/wp-content\/uploads\/2018\/07\/Lumenta-200x300.jpg\" alt=\"\" width=\"200\" height=\"300\" srcset=\"https:\/\/www.ini-hannover.de\/wp-content\/uploads\/2018\/07\/Lumenta-200x300.jpg 200w, https:\/\/www.ini-hannover.de\/wp-content\/uploads\/2018\/07\/Lumenta-681x1024.jpg 681w, https:\/\/www.ini-hannover.de\/wp-content\/uploads\/2018\/07\/Lumenta.jpg 691w\" sizes=\"(max-width: 200px) 100vw, 200px\" \/><\/p>\n<div class=\"su-box su-box-style-default\" id=\"\" style=\"border-color:#000000;border-radius:3px\"><div class=\"su-box-title\" style=\"background-color:#333333;color:#FFFFFF;border-top-left-radius:1px;border-top-right-radius:1px\">Prof. Christianto B. Lumenta, MD<\/div><div class=\"su-box-content su-u-clearfix su-u-trim\" style=\"border-bottom-left-radius:1px;border-bottom-right-radius:1px\">\n<em>Consultant Neurosurgeon<br \/>\n<\/em><\/p>\n<p><em>Email<\/em>:<br \/>\n<a href=\"mailto:nchamb@ini-hannover.de\">nchamb@ini-hannover.de<\/a><br \/>\n<em>Phone:<\/em><br \/>\n+49 511\/ 270 92 \u2013 405<\/div><\/div>\n<\/div><\/div><\/div><\/div><\/div><\/div><div class=\"fusion-clearfix\"><\/div><\/div><\/div><div class=\"fusion-layout-column fusion_builder_column fusion-builder-column-4 fusion_builder_column_1_1 1_1 fusion-one-full fusion-column-first fusion-column-last fusion-column-no-min-height\" style=\"margin-top:0px;margin-bottom:0px;\"><div class=\"fusion-column-wrapper fusion-flex-column-wrapper-legacy\" style=\"background-position:left top;background-repeat:no-repeat;-webkit-background-size:cover;-moz-background-size:cover;-o-background-size:cover;background-size:cover;padding: 0px 0px 0px 0px;\"><div class=\"fusion-clearfix\"><\/div><\/div><\/div><\/div><style type=\"text\/css\">.fusion-fullwidth.fusion-builder-row-1 { overflow:visible; }<\/style><\/div>","protected":false},"excerpt":{"rendered":"","protected":false},"author":1,"featured_media":0,"parent":0,"menu_order":0,"comment_status":"closed","ping_status":"closed","template":"","meta":[],"yoast_head":"<!-- This site is optimized with the Yoast SEO plugin v20.1 - https:\/\/yoast.com\/wordpress\/plugins\/seo\/ -->\n<title>Christianto B. Lumenta - International Neuroscience Institute\u00ae<\/title>\n<meta name=\"robots\" content=\"index, follow, max-snippet:-1, max-image-preview:large, max-video-preview:-1\" \/>\n<link rel=\"canonical\" href=\"https:\/\/www.ini-hannover.de\/en\/christianto-b-lumenta\/\" \/>\n<meta property=\"og:locale\" content=\"en_US\" \/>\n<meta property=\"og:type\" content=\"article\" \/>\n<meta property=\"og:title\" content=\"Christianto B. Lumenta - International Neuroscience Institute\u00ae\" \/>\n<meta property=\"og:url\" content=\"https:\/\/www.ini-hannover.de\/en\/christianto-b-lumenta\/\" \/>\n<meta property=\"og:site_name\" content=\"International Neuroscience Institute\u00ae\" \/>\n<meta property=\"article:modified_time\" content=\"2021-03-19T14:07:22+00:00\" \/>\n<meta property=\"og:image\" content=\"https:\/\/ini-hannover.de\/wp-content\/uploads\/2018\/07\/Lumenta-200x300.jpg\" \/>\n<meta name=\"twitter:label1\" content=\"Est. reading time\" \/>\n\t<meta name=\"twitter:data1\" content=\"7 minutes\" \/>\n<script type=\"application\/ld+json\" class=\"yoast-schema-graph\">{\"@context\":\"https:\/\/schema.org\",\"@graph\":[{\"@type\":\"WebPage\",\"@id\":\"https:\/\/www.ini-hannover.de\/en\/christianto-b-lumenta\/\",\"url\":\"https:\/\/www.ini-hannover.de\/en\/christianto-b-lumenta\/\",\"name\":\"Christianto B. Lumenta - International Neuroscience Institute\u00ae\",\"isPartOf\":{\"@id\":\"https:\/\/www.ini-hannover.de\/en\/#website\"},\"datePublished\":\"2018-07-09T14:06:56+00:00\",\"dateModified\":\"2021-03-19T14:07:22+00:00\",\"inLanguage\":\"en-US\",\"potentialAction\":[{\"@type\":\"ReadAction\",\"target\":[[\"https:\/\/www.ini-hannover.de\/en\/christianto-b-lumenta\/\"]]}]},{\"@type\":\"WebSite\",\"@id\":\"https:\/\/www.ini-hannover.de\/en\/#website\",\"url\":\"https:\/\/www.ini-hannover.de\/en\/\",\"name\":\"International Neuroscience Institute\u00ae\",\"description\":\"\",\"potentialAction\":[{\"@type\":\"SearchAction\",\"target\":{\"@type\":\"EntryPoint\",\"urlTemplate\":\"https:\/\/www.ini-hannover.de\/en\/?s={search_term_string}\"},\"query-input\":\"required name=search_term_string\"}],\"inLanguage\":\"en-US\"}]}<\/script>\n<!-- \/ Yoast SEO plugin. -->","yoast_head_json":{"title":"Christianto B. Lumenta - International Neuroscience Institute\u00ae","robots":{"index":"index","follow":"follow","max-snippet":"max-snippet:-1","max-image-preview":"max-image-preview:large","max-video-preview":"max-video-preview:-1"},"canonical":"https:\/\/www.ini-hannover.de\/en\/christianto-b-lumenta\/","og_locale":"en_US","og_type":"article","og_title":"Christianto B. Lumenta - International Neuroscience Institute\u00ae","og_url":"https:\/\/www.ini-hannover.de\/en\/christianto-b-lumenta\/","og_site_name":"International Neuroscience Institute\u00ae","article_modified_time":"2021-03-19T14:07:22+00:00","og_image":[{"url":"https:\/\/ini-hannover.de\/wp-content\/uploads\/2018\/07\/Lumenta-200x300.jpg"}],"twitter_misc":{"Est. reading time":"7 minutes"},"schema":{"@context":"https:\/\/schema.org","@graph":[{"@type":"WebPage","@id":"https:\/\/www.ini-hannover.de\/en\/christianto-b-lumenta\/","url":"https:\/\/www.ini-hannover.de\/en\/christianto-b-lumenta\/","name":"Christianto B. Lumenta - International Neuroscience Institute\u00ae","isPartOf":{"@id":"https:\/\/www.ini-hannover.de\/en\/#website"},"datePublished":"2018-07-09T14:06:56+00:00","dateModified":"2021-03-19T14:07:22+00:00","inLanguage":"en-US","potentialAction":[{"@type":"ReadAction","target":[["https:\/\/www.ini-hannover.de\/en\/christianto-b-lumenta\/"]]}]},{"@type":"WebSite","@id":"https:\/\/www.ini-hannover.de\/en\/#website","url":"https:\/\/www.ini-hannover.de\/en\/","name":"International Neuroscience Institute\u00ae","description":"","potentialAction":[{"@type":"SearchAction","target":{"@type":"EntryPoint","urlTemplate":"https:\/\/www.ini-hannover.de\/en\/?s={search_term_string}"},"query-input":"required name=search_term_string"}],"inLanguage":"en-US"}]}},"_links":{"self":[{"href":"https:\/\/www.ini-hannover.de\/en\/wp-json\/wp\/v2\/pages\/1125"}],"collection":[{"href":"https:\/\/www.ini-hannover.de\/en\/wp-json\/wp\/v2\/pages"}],"about":[{"href":"https:\/\/www.ini-hannover.de\/en\/wp-json\/wp\/v2\/types\/page"}],"author":[{"embeddable":true,"href":"https:\/\/www.ini-hannover.de\/en\/wp-json\/wp\/v2\/users\/1"}],"replies":[{"embeddable":true,"href":"https:\/\/www.ini-hannover.de\/en\/wp-json\/wp\/v2\/comments?post=1125"}],"version-history":[{"count":15,"href":"https:\/\/www.ini-hannover.de\/en\/wp-json\/wp\/v2\/pages\/1125\/revisions"}],"predecessor-version":[{"id":1936,"href":"https:\/\/www.ini-hannover.de\/en\/wp-json\/wp\/v2\/pages\/1125\/revisions\/1936"}],"wp:attachment":[{"href":"https:\/\/www.ini-hannover.de\/en\/wp-json\/wp\/v2\/media?parent=1125"}],"curies":[{"name":"wp","href":"https:\/\/api.w.org\/{rel}","templated":true}]}}